{"id":9312,"date":"2023-06-13T20:26:36","date_gmt":"2023-06-14T01:26:36","guid":{"rendered":"https:\/\/clickhd.net\/satelital\/?page_id=9312"},"modified":"2023-06-14T14:41:00","modified_gmt":"2023-06-14T19:41:00","slug":"tipos-de-plan","status":"publish","type":"page","link":"https:\/\/clickhd.net\/satelital\/tipos-de-plan\/","title":{"rendered":"Tipos de Plan"},"content":{"rendered":"\t\t<div data-elementor-type=\"wp-page\" data-elementor-id=\"9312\" class=\"elementor elementor-9312\" data-elementor-post-type=\"page\">\n\t\t\t\t\t\t<section class=\"elementor-section elementor-top-section elementor-element elementor-element-30bce49 elementor-section-full_width elementor-section-height-min-height elementor-section-stretched elementor-section-height-default elementor-section-items-middle\" data-id=\"30bce49\" data-element_type=\"section\" data-settings=\"{&quot;stretch_section&quot;:&quot;section-stretched&quot;,&quot;background_background&quot;:&quot;gradient&quot;,&quot;_ha_eqh_enable&quot;:false}\">\n\t\t\t\t\t\t\t<div class=\"elementor-background-overlay\"><\/div>\n\t\t\t\t\t\t\t<div class=\"elementor-container elementor-column-gap-default\">\n\t\t\t\t\t<div class=\"elementor-column elementor-col-100 elementor-top-column elementor-element elementor-element-39d4587\" data-id=\"39d4587\" data-element_type=\"column\">\n\t\t\t<div class=\"elementor-widget-wrap elementor-element-populated\">\n\t\t\t\t\t\t<div class=\"elementor-element elementor-element-dde33b3 elementor-widget elementor-widget-image\" data-id=\"dde33b3\" data-element_type=\"widget\" data-widget_type=\"image.default\">\n\t\t\t\t<div class=\"elementor-widget-container\">\n\t\t\t<style>\/*! elementor - v3.21.0 - 26-05-2024 *\/\n.elementor-widget-image{text-align:center}.elementor-widget-image a{display:inline-block}.elementor-widget-image a img[src$=\".svg\"]{width:48px}.elementor-widget-image img{vertical-align:middle;display:inline-block}<\/style>\t\t\t\t\t\t\t\t\t\t<img fetchpriority=\"high\" decoding=\"async\" width=\"525\" height=\"286\" src=\"https:\/\/clickhd.net\/satelital\/wp-content\/uploads\/2023\/06\/tarifas.png\" class=\"attachment-large size-large wp-image-9315\" alt=\"\" srcset=\"https:\/\/clickhd.net\/satelital\/wp-content\/uploads\/2023\/06\/tarifas.png 765w, https:\/\/clickhd.net\/satelital\/wp-content\/uploads\/2023\/06\/tarifas-300x164.png 300w, https:\/\/clickhd.net\/satelital\/wp-content\/uploads\/2023\/06\/tarifas-570x310.png 570w\" sizes=\"(max-width: 525px) 100vw, 525px\" \/>\t\t\t\t\t\t\t\t\t\t\t\t\t<\/div>\n\t\t\t\t<\/div>\n\t\t\t\t\t<\/div>\n\t\t<\/div>\n\t\t\t\t\t<\/div>\n\t\t<\/section>\n\t\t\t\t<section class=\"elementor-section elementor-top-section elementor-element elementor-element-dc2b379 elementor-section-boxed elementor-section-height-default elementor-section-height-default\" data-id=\"dc2b379\" data-element_type=\"section\" data-settings=\"{&quot;_ha_eqh_enable&quot;:false}\">\n\t\t\t\t\t\t<div class=\"elementor-container elementor-column-gap-default\">\n\t\t\t\t\t<div class=\"elementor-column elementor-col-100 elementor-top-column elementor-element elementor-element-674b785\" data-id=\"674b785\" data-element_type=\"column\">\n\t\t\t<div class=\"elementor-widget-wrap elementor-element-populated\">\n\t\t\t\t\t\t<div class=\"elementor-element elementor-element-d34a7ae elementor-invisible elementor-widget elementor-widget-html\" data-id=\"d34a7ae\" data-element_type=\"widget\" data-settings=\"{&quot;motion_fx_motion_fx_scrolling&quot;:&quot;yes&quot;,&quot;_animation&quot;:&quot;zoomInUp&quot;,&quot;motion_fx_devices&quot;:[&quot;desktop&quot;,&quot;tablet&quot;,&quot;mobile&quot;]}\" data-widget_type=\"html.default\">\n\t\t\t\t<div class=\"elementor-widget-container\">\n\t\t\t<table border=\"0\" align=\"center\">\r\n<tbody>\r\n<tr>\r\n<td style=\"background-color: #0dbb06; text-align: center;\"><strong>TIPO<\/strong><\/td>\r\n<td style=\"text-align: center;\">&nbsp;<\/td>\r\n<td style=\"text-align: center;\">&nbsp;<\/td>\r\n<td style=\"background-color: #94e191; text-align: center;\"><strong>TIPO DE PLAN<\/strong><\/td>\r\n<td style=\"text-align: center;\">&nbsp;<\/td>\r\n<td style=\"text-align: center;\">&nbsp;<\/td>\r\n<td style=\"background-color: #0dbb06; text-align: center;\">\r\n<p style=\"text-align: center;\"><strong>TV IVA <\/strong><strong>INCLUIDO<\/strong><\/p>\r\n<\/td>\r\n<td style=\"background-color: #0dbb06;\">&nbsp;<\/td>\r\n<td style=\"background-color: #0dbb06;\">&nbsp;<\/td>\r\n<td style=\"background-color: #0dbb06;\"><strong>+<\/strong><\/td>\r\n<td style=\"background-color: #0dbb06;\">&nbsp;<\/td>\r\n<td style=\"background-color: #0dbb06;\">&nbsp;<\/td>\r\n<td style=\"background-color: #0dbb06; text-align: center;\">\r\n<p><strong>INTERNET EXCLUIDO <\/strong><strong>IVA<\/strong><\/p>\r\n<\/td>\r\n<td>&nbsp;<\/td>\r\n<td>&nbsp;<\/td>\r\n<td style=\"background-color: #94e191; text-align: center;\">\r\n<p style=\"text-align: center;\"><strong>INTERNET INCLUIDO <\/strong><strong>IVA<\/strong><\/p>\r\n<\/td>\r\n<td>&nbsp;<\/td>\r\n<td>&nbsp;<\/td>\r\n<td style=\"background-color: #0dbb06; text-align: center;\"><strong>TOTAL<\/strong><\/td>\r\n<\/tr>\r\n<tr>\r\n<td style=\"text-align: center; background-color: #d5d5d7;\" rowspan=\"6\"><strong> SENCILLOS <\/strong><\/td>\r\n<td style=\"text-align: center;\">&nbsp;<\/td>\r\n<td style=\"text-align: center;\">&nbsp;<\/td>\r\n<td style=\"text-align: center;\">Televisi&oacute;n 2016<\/td>\r\n<td style=\"text-align: center;\">&nbsp;<\/td>\r\n<td style=\"text-align: center;\">&nbsp;<\/td>\r\n<td style=\"text-align: center;\">25000<\/td>\r\n<td style=\"text-align: center;\">&nbsp;<\/td>\r\n<td style=\"text-align: center;\">&nbsp;<\/td>\r\n<td style=\"text-align: center;\">&nbsp;<\/td>\r\n<td style=\"text-align: center;\">&nbsp;<\/td>\r\n<td style=\"text-align: center;\">&nbsp;<\/td>\r\n<td style=\"text-align: center;\">&nbsp;<\/td>\r\n<td style=\"text-align: center;\">&nbsp;<\/td>\r\n<td style=\"text-align: center;\">&nbsp;<\/td>\r\n<td style=\"text-align: center;\">&nbsp;<\/td>\r\n<td style=\"text-align: center;\">&nbsp;<\/td>\r\n<td style=\"text-align: center;\">&nbsp;<\/td>\r\n<td style=\"text-align: center;\">25.000<\/td>\r\n<\/tr>\r\n<tr>\r\n<td style=\"text-align: center;\">&nbsp;<\/td>\r\n<td style=\"text-align: center;\">&nbsp;<\/td>\r\n<td style=\"background-color: #d5d5d7; text-align: center;\">Internet 1Mg<\/td>\r\n<td>&nbsp;<\/td>\r\n<td>&nbsp;<\/td>\r\n<td style=\"background-color: #d5d5d7; text-align: center;\">&nbsp;<\/td>\r\n<td>&nbsp;<\/td>\r\n<td>&nbsp;<\/td>\r\n<td style=\"background-color: #d5d5d7;\">&nbsp;<\/td>\r\n<td>&nbsp;<\/td>\r\n<td>&nbsp;<\/td>\r\n<td style=\"background-color: #d5d5d7; text-align: center;\">40000<\/td>\r\n<td>&nbsp;<\/td>\r\n<td>&nbsp;<\/td>\r\n<td style=\"background-color: #d5d5d7;\">&nbsp;<\/td>\r\n<td>&nbsp;<\/td>\r\n<td>&nbsp;<\/td>\r\n<td style=\"background-color: #d5d5d7;\">40.000<\/td>\r\n<\/tr>\r\n<tr>\r\n<td style=\"text-align: center;\">&nbsp;<\/td>\r\n<td style=\"text-align: center;\">&nbsp;<\/td>\r\n<td style=\"text-align: center;\">Internet 2Mg<\/td>\r\n<td>&nbsp;<\/td>\r\n<td>&nbsp;<\/td>\r\n<td style=\"text-align: center;\">&nbsp;<\/td>\r\n<td>&nbsp;<\/td>\r\n<td>&nbsp;<\/td>\r\n<td style=\"text-align: center;\">&nbsp;<\/td>\r\n<td>&nbsp;<\/td>\r\n<td>&nbsp;<\/td>\r\n<td style=\"text-align: center;\">60000<\/td>\r\n<td>&nbsp;<\/td>\r\n<td>&nbsp;<\/td>\r\n<td style=\"text-align: center;\">&nbsp;<\/td>\r\n<td>&nbsp;<\/td>\r\n<td>&nbsp;<\/td>\r\n<td style=\"text-align: center;\">60.000<\/td>\r\n<\/tr>\r\n<tr>\r\n<td style=\"text-align: center;\">&nbsp;<\/td>\r\n<td style=\"text-align: center;\">&nbsp;<\/td>\r\n<td style=\"background-color: #d5d5d7; text-align: center;\">Internet 3Mg<\/td>\r\n<td>&nbsp;<\/td>\r\n<td>&nbsp;<\/td>\r\n<td style=\"background-color: #d5d5d7; text-align: center;\">&nbsp;<\/td>\r\n<td>&nbsp;<\/td>\r\n<td>&nbsp;<\/td>\r\n<td style=\"background-color: #d5d5d7;\">&nbsp;<\/td>\r\n<td>&nbsp;<\/td>\r\n<td>&nbsp;<\/td>\r\n<td style=\"background-color: #d5d5d7; text-align: center;\">80000<\/td>\r\n<td>&nbsp;<\/td>\r\n<td>&nbsp;<\/td>\r\n<td style=\"background-color: #d5d5d7;\">&nbsp;<\/td>\r\n<td>&nbsp;<\/td>\r\n<td>&nbsp;<\/td>\r\n<td style=\"background-color: #d5d5d7;\">80.000<\/td>\r\n<\/tr>\r\n<tr>\r\n<td style=\"text-align: center;\">&nbsp;<\/td>\r\n<td style=\"text-align: center;\">&nbsp;<\/td>\r\n<td style=\"text-align: center;\">Internet 4Mg<\/td>\r\n<td>&nbsp;<\/td>\r\n<td>&nbsp;<\/td>\r\n<td style=\"text-align: center;\">&nbsp;<\/td>\r\n<td>&nbsp;<\/td>\r\n<td>&nbsp;<\/td>\r\n<td style=\"text-align: center;\">&nbsp;<\/td>\r\n<td>&nbsp;<\/td>\r\n<td>&nbsp;<\/td>\r\n<td style=\"text-align: center;\">100000<\/td>\r\n<td>&nbsp;<\/td>\r\n<td>&nbsp;<\/td>\r\n<td style=\"text-align: center;\">&nbsp;<\/td>\r\n<td>&nbsp;<\/td>\r\n<td>&nbsp;<\/td>\r\n<td style=\"text-align: center;\">100.000<\/td>\r\n<\/tr>\r\n<tr>\r\n<td style=\"text-align: center;\">&nbsp;<\/td>\r\n<td style=\"text-align: center;\">&nbsp;<\/td>\r\n<td style=\"background-color: #d5d5d7; text-align: center;\">Internet 5Mg<\/td>\r\n<td>&nbsp;<\/td>\r\n<td>&nbsp;<\/td>\r\n<td style=\"background-color: #d5d5d7; text-align: center;\">&nbsp;<\/td>\r\n<td>&nbsp;<\/td>\r\n<td>&nbsp;<\/td>\r\n<td style=\"background-color: #d5d5d7;\">&nbsp;<\/td>\r\n<td>&nbsp;<\/td>\r\n<td>&nbsp;<\/td>\r\n<td style=\"background-color: #d5d5d7; text-align: center;\">120000<\/td>\r\n<td>&nbsp;<\/td>\r\n<td>&nbsp;<\/td>\r\n<td style=\"background-color: #d5d5d7;\">&nbsp;<\/td>\r\n<td>&nbsp;<\/td>\r\n<td>&nbsp;<\/td>\r\n<td style=\"background-color: #d5d5d7;\">120.000<\/td>\r\n<\/tr>\r\n<tr>\r\n<td style=\"text-align: center; background-color: #dad580;\" rowspan=\"6\"><br \/><strong>DOBLE<\/strong><br \/><br \/><\/td>\r\n<td style=\"text-align: center;\">&nbsp;<\/td>\r\n<td style=\"text-align: center;\">&nbsp;<\/td>\r\n<td style=\"text-align: center;\">&nbsp;<\/td>\r\n<td style=\"text-align: center;\">&nbsp;<\/td>\r\n<td style=\"text-align: center;\">&nbsp;<\/td>\r\n<td style=\"text-align: center;\">&nbsp;<\/td>\r\n<td style=\"text-align: center;\">&nbsp;<\/td>\r\n<td style=\"text-align: center;\">&nbsp;<\/td>\r\n<td style=\"text-align: center;\">&nbsp;<\/td>\r\n<td style=\"text-align: center;\">&nbsp;<\/td>\r\n<td style=\"text-align: center;\">&nbsp;<\/td>\r\n<td style=\"text-align: center;\">&nbsp;<\/td>\r\n<td style=\"text-align: center;\">&nbsp;<\/td>\r\n<td style=\"text-align: center;\">&nbsp;<\/td>\r\n<td style=\"text-align: center;\">&nbsp;<\/td>\r\n<td style=\"text-align: center;\">&nbsp;<\/td>\r\n<td style=\"text-align: center;\">&nbsp;<\/td>\r\n<td style=\"text-align: center;\">&nbsp;<\/td>\r\n<\/tr>\r\n<tr>\r\n<td>&nbsp;<\/td>\r\n<td>&nbsp;<\/td>\r\n<td style=\"background-color: #dad580; text-align: center;\">TV + Internet 1M<\/td>\r\n<td>&nbsp;<\/td>\r\n<td>&nbsp;<\/td>\r\n<td style=\"background-color: #dad580; text-align: center;\">25000<\/td>\r\n<td style=\"background-color: #dad580; text-align: center;\">&nbsp;<\/td>\r\n<td style=\"background-color: #dad580; text-align: center;\">&nbsp;<\/td>\r\n<td style=\"background-color: #dad580; text-align: center;\"><strong><strong>+<\/strong><\/strong><\/td>\r\n<td style=\"background-color: #dad580; text-align: center;\">&nbsp;<\/td>\r\n<td style=\"background-color: #dad580; text-align: center;\">&nbsp;<\/td>\r\n<td style=\"background-color: #dad580; text-align: center;\">35000<\/td>\r\n<td>&nbsp;<\/td>\r\n<td>&nbsp;<\/td>\r\n<td style=\"background-color: #dad580; text-align: center;\">&nbsp;<\/td>\r\n<td>&nbsp;<\/td>\r\n<td>&nbsp;<\/td>\r\n<td style=\"background-color: #dad580; text-align: center;\">60.000<\/td>\r\n<\/tr>\r\n<tr>\r\n<td>&nbsp;<\/td>\r\n<td>&nbsp;<\/td>\r\n<td style=\"text-align: center;\">TV + Internet 2M<\/td>\r\n<td>&nbsp;<\/td>\r\n<td>&nbsp;<\/td>\r\n<td style=\"text-align: center;\">25000<\/td>\r\n<td style=\"text-align: center;\">&nbsp;<\/td>\r\n<td style=\"text-align: center;\">&nbsp;<\/td>\r\n<td style=\"text-align: center;\"><strong>+<\/strong><\/td>\r\n<td style=\"text-align: center;\">&nbsp;<\/td>\r\n<td style=\"text-align: center;\">&nbsp;<\/td>\r\n<td style=\"text-align: center;\">55000<\/td>\r\n<td>&nbsp;<\/td>\r\n<td>&nbsp;<\/td>\r\n<td style=\"text-align: center;\">&nbsp;<\/td>\r\n<td>&nbsp;<\/td>\r\n<td>&nbsp;<\/td>\r\n<td style=\"text-align: center;\">80.000<\/td>\r\n<\/tr>\r\n<tr>\r\n<td>&nbsp;<\/td>\r\n<td>&nbsp;<\/td>\r\n<td style=\"background-color: #dad580;\">TV + Internet 3M<\/td>\r\n<td>&nbsp;<\/td>\r\n<td>&nbsp;<\/td>\r\n<td style=\"background-color: #dad580; text-align: center;\">25000<\/td>\r\n<td style=\"background-color: #dad580; text-align: center;\">&nbsp;<\/td>\r\n<td style=\"background-color: #dad580; text-align: center;\">&nbsp;<\/td>\r\n<td style=\"background-color: #dad580; text-align: center;\"><strong>+<\/strong><\/td>\r\n<td style=\"background-color: #dad580; text-align: center;\">&nbsp;<\/td>\r\n<td style=\"background-color: #dad580; text-align: center;\">&nbsp;<\/td>\r\n<td style=\"background-color: #dad580; text-align: center;\">75000<\/td>\r\n<td>&nbsp;<\/td>\r\n<td>&nbsp;<\/td>\r\n<td style=\"background-color: #dad580;\">&nbsp;<\/td>\r\n<td>&nbsp;<\/td>\r\n<td>&nbsp;<\/td>\r\n<td style=\"background-color: #dad580;\">100.000<\/td>\r\n<\/tr>\r\n<tr>\r\n<td>&nbsp;<\/td>\r\n<td>&nbsp;<\/td>\r\n<td style=\"text-align: center;\">TV + Internet 4M<\/td>\r\n<td>&nbsp;<\/td>\r\n<td>&nbsp;<\/td>\r\n<td style=\"text-align: center;\">25000<\/td>\r\n<td style=\"text-align: center;\">&nbsp;<\/td>\r\n<td style=\"text-align: center;\">&nbsp;<\/td>\r\n<td style=\"text-align: center;\"><strong>+<\/strong><\/td>\r\n<td style=\"text-align: center;\">&nbsp;<\/td>\r\n<td style=\"text-align: center;\">&nbsp;<\/td>\r\n<td style=\"text-align: center;\">95000<\/td>\r\n<td>&nbsp;<\/td>\r\n<td>&nbsp;<\/td>\r\n<td style=\"text-align: center;\">&nbsp;<\/td>\r\n<td>&nbsp;<\/td>\r\n<td>&nbsp;<\/td>\r\n<td style=\"text-align: center;\">120.000<\/td>\r\n<\/tr>\r\n<tr>\r\n<td>&nbsp;<\/td>\r\n<td>&nbsp;<\/td>\r\n<td style=\"background-color: #dad580;\">TV + Internet 5M<\/td>\r\n<td>&nbsp;<\/td>\r\n<td>&nbsp;<\/td>\r\n<td style=\"background-color: #dad580; text-align: center;\">25000<\/td>\r\n<td style=\"background-color: #dad580; text-align: center;\">&nbsp;<\/td>\r\n<td style=\"background-color: #dad580; text-align: center;\">&nbsp;<\/td>\r\n<td style=\"background-color: #dad580; text-align: center;\"><strong>+<\/strong><\/td>\r\n<td style=\"background-color: #dad580; text-align: center;\">&nbsp;<\/td>\r\n<td style=\"background-color: #dad580; text-align: center;\">&nbsp;<\/td>\r\n<td style=\"background-color: #dad580; text-align: center;\">115000<\/td>\r\n<td>&nbsp;<\/td>\r\n<td>&nbsp;<\/td>\r\n<td style=\"background-color: #dad580;\">&nbsp;<\/td>\r\n<td>&nbsp;<\/td>\r\n<td>&nbsp;<\/td>\r\n<td style=\"background-color: #dad580;\">140.000<\/td>\r\n<\/tr>\r\n<tr>\r\n<td style=\"background-color: #afbafd; text-align: center;\" rowspan=\"2\"><strong> COMERCIAL<\/strong><\/td>\r\n<td>&nbsp;<\/td>\r\n<td>&nbsp;<\/td>\r\n<td style=\"background-color: #afbafd; text-align: center;\">Internet 5 M<\/td>\r\n<td>&nbsp;<\/td>\r\n<td>&nbsp;<\/td>\r\n<td style=\"background-color: #afbafd; text-align: center;\">&nbsp;<\/td>\r\n<td>&nbsp;<\/td>\r\n<td>&nbsp;<\/td>\r\n<td style=\"background-color: #afbafd; text-align: center;\">&nbsp;<\/td>\r\n<td>&nbsp;<\/td>\r\n<td>&nbsp;<\/td>\r\n<td style=\"text-align: center; background-color: #afbafd;\">&nbsp;<\/td>\r\n<td>&nbsp;<\/td>\r\n<td>&nbsp;<\/td>\r\n<td style=\"background-color: #afbafd; text-align: center;\">130000<\/td>\r\n<td>&nbsp;<\/td>\r\n<td>&nbsp;<\/td>\r\n<td style=\"background-color: #afbafd; text-align: center;\">130.000<\/td>\r\n<\/tr>\r\n<tr>\r\n<td>&nbsp;<\/td>\r\n<td>&nbsp;<\/td>\r\n<td style=\"background-color: #afbafd; text-align: center;\">Internet 10 M<\/td>\r\n<td>&nbsp;<\/td>\r\n<td>&nbsp;<\/td>\r\n<td style=\"background-color: #afbafd; text-align: center;\">&nbsp;<\/td>\r\n<td>&nbsp;<\/td>\r\n<td>&nbsp;<\/td>\r\n<td style=\"background-color: #afbafd; text-align: center;\">&nbsp;<\/td>\r\n<td>&nbsp;<\/td>\r\n<td>&nbsp;<\/td>\r\n<td style=\"background-color: #afbafd; text-align: center;\">&nbsp;<\/td>\r\n<td>&nbsp;<\/td>\r\n<td>&nbsp;<\/td>\r\n<td style=\"background-color: #afbafd; text-align: center;\">250000<\/td>\r\n<td>&nbsp;<\/td>\r\n<td>&nbsp;<\/td>\r\n<td style=\"background-color: #afbafd; text-align: center;\">250.000<\/td>\r\n<\/tr>\r\n<\/tbody>\r\n<\/table>\t\t<\/div>\n\t\t\t\t<\/div>\n\t\t\t\t\t<\/div>\n\t\t<\/div>\n\t\t\t\t\t<\/div>\n\t\t<\/section>\n\t\t\t\t<section class=\"elementor-section elementor-top-section elementor-element elementor-element-b5c3911 elementor-section-full_width elementor-section-height-min-height elementor-section-stretched elementor-section-height-default elementor-section-items-middle\" data-id=\"b5c3911\" data-element_type=\"section\" data-settings=\"{&quot;stretch_section&quot;:&quot;section-stretched&quot;,&quot;background_background&quot;:&quot;classic&quot;,&quot;_ha_eqh_enable&quot;:false}\">\n\t\t\t\t\t\t\t<div class=\"elementor-background-overlay\"><\/div>\n\t\t\t\t\t\t\t<div class=\"elementor-container elementor-column-gap-default\">\n\t\t\t\t\t<div class=\"elementor-column elementor-col-100 elementor-top-column elementor-element elementor-element-d40b638\" data-id=\"d40b638\" data-element_type=\"column\">\n\t\t\t<div class=\"elementor-widget-wrap elementor-element-populated\">\n\t\t\t\t\t\t<div class=\"elementor-element elementor-element-8da0016 elementor-widget elementor-widget-heading\" data-id=\"8da0016\" data-element_type=\"widget\" data-widget_type=\"heading.default\">\n\t\t\t\t<div class=\"elementor-widget-container\">\n\t\t\t<style>\/*! elementor - v3.21.0 - 26-05-2024 *\/\n.elementor-heading-title{padding:0;margin:0;line-height:1}.elementor-widget-heading .elementor-heading-title[class*=elementor-size-]>a{color:inherit;font-size:inherit;line-height:inherit}.elementor-widget-heading .elementor-heading-title.elementor-size-small{font-size:15px}.elementor-widget-heading .elementor-heading-title.elementor-size-medium{font-size:19px}.elementor-widget-heading .elementor-heading-title.elementor-size-large{font-size:29px}.elementor-widget-heading .elementor-heading-title.elementor-size-xl{font-size:39px}.elementor-widget-heading .elementor-heading-title.elementor-size-xxl{font-size:59px}<\/style><h1 class=\"elementor-heading-title elementor-size-default\">ALZA DE TARIFAS<\/h1>\t\t<\/div>\n\t\t\t\t<\/div>\n\t\t\t\t<div class=\"elementor-element elementor-element-22ca742 elementor-view-default elementor-position-top elementor-mobile-position-top elementor-widget elementor-widget-icon-box\" data-id=\"22ca742\" data-element_type=\"widget\" data-widget_type=\"icon-box.default\">\n\t\t\t\t<div class=\"elementor-widget-container\">\n\t\t\t<link rel=\"stylesheet\" href=\"https:\/\/clickhd.net\/satelital\/wp-content\/plugins\/elementor\/assets\/css\/widget-icon-box.min.css\">\t\t<div class=\"elementor-icon-box-wrapper\">\n\n\t\t\t\t\t\t<div class=\"elementor-icon-box-icon\">\n\t\t\t\t<span  class=\"elementor-icon elementor-animation-\">\n\t\t\t\t<i aria-hidden=\"true\" class=\"fas fa-chart-line\"><\/i>\t\t\t\t<\/span>\n\t\t\t<\/div>\n\t\t\t\n\t\t\t\t\t\t<div class=\"elementor-icon-box-content\">\n\n\t\t\t\t\t\t\t\t\t<h3 class=\"elementor-icon-box-title\">\n\t\t\t\t\t\t<span  >\n\t\t\t\t\t\t\t\u00bfPor qu\u00e9 se incrementan los precios?\t\t\t\t\t\t<\/span>\n\t\t\t\t\t<\/h3>\n\t\t\t\t\n\t\t\t\t\t\t\t\t\t<p class=\"elementor-icon-box-description\">\n\t\t\t\t\t\tTe informamos que en el contrato celebrado en el momento que adquiriste los servicios, se establece que ClickHD podr\u00e1 efectuar incrementos tarifarios a los planes y servicios de la Compa\u00f1\u00eda. Los cambios de tarifas aplican una vez se den a conocer a los usuarios del servicio. \t\t\t\t\t<\/p>\n\t\t\t\t\n\t\t\t<\/div>\n\t\t\t\n\t\t<\/div>\n\t\t\t\t<\/div>\n\t\t\t\t<\/div>\n\t\t\t\t<div class=\"elementor-element elementor-element-f9d25a6 elementor-widget__width-initial elementor-view-default elementor-position-top elementor-mobile-position-top elementor-widget elementor-widget-icon-box\" data-id=\"f9d25a6\" data-element_type=\"widget\" data-widget_type=\"icon-box.default\">\n\t\t\t\t<div class=\"elementor-widget-container\">\n\t\t\t\t\t<div class=\"elementor-icon-box-wrapper\">\n\n\t\t\t\t\t\t<div class=\"elementor-icon-box-icon\">\n\t\t\t\t<span  class=\"elementor-icon elementor-animation-\">\n\t\t\t\t<i aria-hidden=\"true\" class=\"fas fa-book\"><\/i>\t\t\t\t<\/span>\n\t\t\t<\/div>\n\t\t\t\n\t\t\t\t\t\t<div class=\"elementor-icon-box-content\">\n\n\t\t\t\t\t\t\t\t\t<h3 class=\"elementor-icon-box-title\">\n\t\t\t\t\t\t<span  >\n\t\t\t\t\t\t\t\u00bfCu\u00e1l es la regulaci\u00f3n que informa sobre el aumento de tarifas?\t\t\t\t\t\t<\/span>\n\t\t\t\t\t<\/h3>\n\t\t\t\t\n\t\t\t\t\t\t\t\t\t<p class=\"elementor-icon-box-description\">\n\t\t\t\t\t\tLa Resoluci\u00f3n 5111 del 24 de febrero de 2017 \u201cPor la cual se establece el R\u00e9gimen Integral de Protecci\u00f3n de los Derechos de los Usuarios de los Servicios de Comunicaciones\u201d expedida por la Comisi\u00f3n de Regulaci\u00f3n de Comunicaciones CRC. \/Art\u00edculo 2.1.10.2), establece que en los contratos de prestaci\u00f3n de servicios se debe indicar la forma en que se modifican las tarifas, y se\u00f1ala que los incrementos se aplican luego de que son comunicados a los usuarios. ClickHD comunica el alza de tarifas en la factura de ciclo del mes anterior al incremento.\t\t\t\t\t<\/p>\n\t\t\t\t\n\t\t\t<\/div>\n\t\t\t\n\t\t<\/div>\n\t\t\t\t<\/div>\n\t\t\t\t<\/div>\n\t\t\t\t\t<\/div>\n\t\t<\/div>\n\t\t\t\t\t<\/div>\n\t\t<\/section>\n\t\t\t\t<\/div>\n\t\t","protected":false},"excerpt":{"rendered":"<p>TIPO &nbsp; &nbsp; TIPO DE PLAN &nbsp; &nbsp; TV IVA INCLUIDO &nbsp; &nbsp; + &nbsp; &nbsp; INTERNET EXCLUIDO IVA &nbsp; &nbsp; INTERNET INCLUIDO IVA &nbsp; &nbsp; TOTAL SENCILLOS &nbsp; &nbsp; Televisi&oacute;n 2016 &nbsp; &nbsp; 25000 &nbsp; &nbsp; &nbsp; &nbsp; &nbsp; &nbsp; &nbsp; &nbsp; &nbsp; &nbsp; &nbsp; 25.000 &nbsp; &nbsp; Internet 1Mg &nbsp; &nbsp; &nbsp; &nbsp; [&hellip;]<\/p>\n","protected":false},"author":1,"featured_media":0,"parent":0,"menu_order":0,"comment_status":"closed","ping_status":"closed","template":"","meta":{"_joinchat":[],"footnotes":""},"folder":[],"class_list":["post-9312","page","type-page","status-publish","hentry"],"_links":{"self":[{"href":"https:\/\/clickhd.net\/satelital\/wp-json\/wp\/v2\/pages\/9312","targetHints":{"allow":["GET"]}}],"collection":[{"href":"https:\/\/clickhd.net\/satelital\/wp-json\/wp\/v2\/pages"}],"about":[{"href":"https:\/\/clickhd.net\/satelital\/wp-json\/wp\/v2\/types\/page"}],"author":[{"embeddable":true,"href":"https:\/\/clickhd.net\/satelital\/wp-json\/wp\/v2\/users\/1"}],"replies":[{"embeddable":true,"href":"https:\/\/clickhd.net\/satelital\/wp-json\/wp\/v2\/comments?post=9312"}],"version-history":[{"count":0,"href":"https:\/\/clickhd.net\/satelital\/wp-json\/wp\/v2\/pages\/9312\/revisions"}],"wp:attachment":[{"href":"https:\/\/clickhd.net\/satelital\/wp-json\/wp\/v2\/media?parent=9312"}],"wp:term":[{"taxonomy":"folder","embeddable":true,"href":"https:\/\/clickhd.net\/satelital\/wp-json\/wp\/v2\/folder?post=9312"}],"curies":[{"name":"wp","href":"https:\/\/api.w.org\/{rel}","templated":true}]}}