{"id":12,"date":"2023-05-09T19:39:25","date_gmt":"2023-05-10T00:39:25","guid":{"rendered":"https:\/\/clickhd.net\/satelital\/?page_id=12"},"modified":"2025-05-25T13:59:22","modified_gmt":"2025-05-25T18:59:22","slug":"quienes-somos","status":"publish","type":"page","link":"https:\/\/clickhd.net\/satelital\/quienes-somos\/","title":{"rendered":"Qui\u00e9nes Somos"},"content":{"rendered":"\t\t<div data-elementor-type=\"wp-page\" data-elementor-id=\"12\" class=\"elementor elementor-12\" data-elementor-post-type=\"page\">\n\t\t\t\t<div class=\"elementor-element elementor-element-82cef3c e-con-full e-flex e-con e-parent\" data-id=\"82cef3c\" data-element_type=\"container\" data-settings=\"{&quot;_ha_eqh_enable&quot;:false}\">\n\t\t<div class=\"elementor-element elementor-element-41e3372 e-con-full e-flex e-con e-child\" data-id=\"41e3372\" data-element_type=\"container\" data-settings=\"{&quot;background_background&quot;:&quot;classic&quot;,&quot;_ha_eqh_enable&quot;:false}\">\n\t\t\t\t<div class=\"elementor-element elementor-element-be1ed8f elementor-widget elementor-widget-image\" data-id=\"be1ed8f\" data-element_type=\"widget\" data-settings=\"{&quot;motion_fx_motion_fx_mouse&quot;:&quot;yes&quot;}\" data-widget_type=\"image.default\">\n\t\t\t\t<div class=\"elementor-widget-container\">\n\t\t\t<style>\/*! elementor - v3.21.0 - 26-05-2024 *\/\n.elementor-widget-image{text-align:center}.elementor-widget-image a{display:inline-block}.elementor-widget-image a img[src$=\".svg\"]{width:48px}.elementor-widget-image img{vertical-align:middle;display:inline-block}<\/style>\t\t\t\t\t\t\t\t\t\t<img decoding=\"async\" src=\"https:\/\/clickhd.net\/satelital\/wp-content\/uploads\/elementor\/thumbs\/foto-asesora-2-q7dntctxg7h365mfjs0zrrhi6hhafbik9ppfeh7ak0.jpg\" title=\"foto asesora 2\" alt=\"foto asesora 2\" loading=\"lazy\" \/>\t\t\t\t\t\t\t\t\t\t\t\t\t<\/div>\n\t\t\t\t<\/div>\n\t\t\t\t<\/div>\n\t\t<div class=\"elementor-element elementor-element-3128555 e-con-full e-flex e-con e-child\" data-id=\"3128555\" data-element_type=\"container\" data-settings=\"{&quot;background_background&quot;:&quot;classic&quot;,&quot;_ha_eqh_enable&quot;:false}\">\n\t\t\t\t<div class=\"elementor-element elementor-element-456493b elementor-invisible elementor-widget elementor-widget-heading\" data-id=\"456493b\" data-element_type=\"widget\" data-settings=\"{&quot;_animation&quot;:&quot;fadeInDown&quot;}\" data-widget_type=\"heading.default\">\n\t\t\t\t<div class=\"elementor-widget-container\">\n\t\t\t<style>\/*! elementor - v3.21.0 - 26-05-2024 *\/\n.elementor-heading-title{padding:0;margin:0;line-height:1}.elementor-widget-heading .elementor-heading-title[class*=elementor-size-]>a{color:inherit;font-size:inherit;line-height:inherit}.elementor-widget-heading .elementor-heading-title.elementor-size-small{font-size:15px}.elementor-widget-heading .elementor-heading-title.elementor-size-medium{font-size:19px}.elementor-widget-heading .elementor-heading-title.elementor-size-large{font-size:29px}.elementor-widget-heading .elementor-heading-title.elementor-size-xl{font-size:39px}.elementor-widget-heading .elementor-heading-title.elementor-size-xxl{font-size:59px}<\/style><h2 class=\"elementor-heading-title elementor-size-default\">Nuestra Compa\u00f1\u00eda<\/h2>\t\t<\/div>\n\t\t\t\t<\/div>\n\t\t\t\t<div class=\"elementor-element elementor-element-682d652 elementor-widget elementor-widget-heading\" data-id=\"682d652\" data-element_type=\"widget\" data-widget_type=\"heading.default\">\n\t\t\t\t<div class=\"elementor-widget-container\">\n\t\t\t<h3 class=\"elementor-heading-title elementor-size-medium\">CLICKHD S.A.S.<\/h3>\t\t<\/div>\n\t\t\t\t<\/div>\n\t\t\t\t<div class=\"elementor-element elementor-element-8351275 elementor-invisible elementor-widget elementor-widget-text-editor\" data-id=\"8351275\" data-element_type=\"widget\" data-settings=\"{&quot;_animation&quot;:&quot;fadeInUp&quot;}\" data-widget_type=\"text-editor.default\">\n\t\t\t\t<div class=\"elementor-widget-container\">\n\t\t\t<style>\/*! elementor - v3.21.0 - 26-05-2024 *\/\n.elementor-widget-text-editor.elementor-drop-cap-view-stacked .elementor-drop-cap{background-color:#69727d;color:#fff}.elementor-widget-text-editor.elementor-drop-cap-view-framed .elementor-drop-cap{color:#69727d;border:3px solid;background-color:transparent}.elementor-widget-text-editor:not(.elementor-drop-cap-view-default) .elementor-drop-cap{margin-top:8px}.elementor-widget-text-editor:not(.elementor-drop-cap-view-default) .elementor-drop-cap-letter{width:1em;height:1em}.elementor-widget-text-editor .elementor-drop-cap{float:left;text-align:center;line-height:1;font-size:50px}.elementor-widget-text-editor .elementor-drop-cap-letter{display:inline-block}<\/style>\t\t\t\t<div style=\"text-align: center;\"><p>Quienes Somos? Somos una empresa 100% Colombiana, Que cree en la innovaci\u00f3n diaria ofreciendo una experiencia en servicios de Internet a toda la familia, a la que se accede f\u00e1cilmente por su gran Cobertura y Precio.<\/p><\/div><p style=\"text-align: center;\">Fecha de expedici\u00f3n: 2018-05-30<br \/>Certificado de Registro de TIC<br \/>Referencia: TIC-150.1_13418<br \/>Registro de TIC N\u00b0: 96004045<\/p><p style=\"text-align: center;\">Servicios: Internet<\/p><p style=\"text-align: center;\">Tel\u00e9fonos: 036 7329003<br \/>Celular: 315 491 1665<\/p>\t\t\t\t\t\t<\/div>\n\t\t\t\t<\/div>\n\t\t\t\t<\/div>\n\t\t\t\t<\/div>\n\t\t<div class=\"elementor-element elementor-element-263177d e-flex e-con-boxed e-con e-parent\" data-id=\"263177d\" data-element_type=\"container\" data-settings=\"{&quot;background_background&quot;:&quot;classic&quot;,&quot;_ha_eqh_enable&quot;:false}\">\n\t\t\t\t\t<div class=\"e-con-inner\">\n\t\t<div class=\"elementor-element elementor-element-b802b75 e-con-full e-flex e-con e-child\" data-id=\"b802b75\" data-element_type=\"container\" data-settings=\"{&quot;_ha_eqh_enable&quot;:false}\">\n\t\t\t\t<div class=\"elementor-element elementor-element-cfbb0c9 elementor-view-default elementor-position-top elementor-mobile-position-top elementor-invisible elementor-widget elementor-widget-icon-box\" data-id=\"cfbb0c9\" data-element_type=\"widget\" data-settings=\"{&quot;_animation&quot;:&quot;rotateInUpLeft&quot;}\" data-widget_type=\"icon-box.default\">\n\t\t\t\t<div class=\"elementor-widget-container\">\n\t\t\t<link rel=\"stylesheet\" href=\"https:\/\/clickhd.net\/satelital\/wp-content\/plugins\/elementor\/assets\/css\/widget-icon-box.min.css\">\t\t<div class=\"elementor-icon-box-wrapper\">\n\n\t\t\t\t\t\t<div class=\"elementor-icon-box-icon\">\n\t\t\t\t<span  class=\"elementor-icon elementor-animation-\">\n\t\t\t\t<i aria-hidden=\"true\" class=\"far fa-lightbulb\"><\/i>\t\t\t\t<\/span>\n\t\t\t<\/div>\n\t\t\t\n\t\t\t\t\t\t<div class=\"elementor-icon-box-content\">\n\n\t\t\t\t\t\t\t\t\t<h3 class=\"elementor-icon-box-title\">\n\t\t\t\t\t\t<span  >\n\t\t\t\t\t\t\tMISI\u00d3N\t\t\t\t\t\t<\/span>\n\t\t\t\t\t<\/h3>\n\t\t\t\t\n\t\t\t\t\t\t\t\t\t<p class=\"elementor-icon-box-description\">\n\t\t\t\t\t\tContribuir al bienestar de nuestros clientes satisfaciendo sus necesidades y expectativas, mediante la prestaci\u00f3n e innovaci\u00f3n de servicios de telecomunicaciones de la mejor calidad\t\t\t\t\t<\/p>\n\t\t\t\t\n\t\t\t<\/div>\n\t\t\t\n\t\t<\/div>\n\t\t\t\t<\/div>\n\t\t\t\t<\/div>\n\t\t\t\t<\/div>\n\t\t<div class=\"elementor-element elementor-element-b6f77a8 e-con-full e-flex e-con e-child\" data-id=\"b6f77a8\" data-element_type=\"container\" data-settings=\"{&quot;_ha_eqh_enable&quot;:false}\">\n\t\t\t\t<div class=\"elementor-element elementor-element-2126bf5 elementor-widget__width-initial elementor-view-default elementor-position-top elementor-mobile-position-top elementor-invisible elementor-widget elementor-widget-icon-box\" data-id=\"2126bf5\" data-element_type=\"widget\" data-settings=\"{&quot;_animation&quot;:&quot;rotateInUpRight&quot;}\" data-widget_type=\"icon-box.default\">\n\t\t\t\t<div class=\"elementor-widget-container\">\n\t\t\t\t\t<div class=\"elementor-icon-box-wrapper\">\n\n\t\t\t\t\t\t<div class=\"elementor-icon-box-icon\">\n\t\t\t\t<span  class=\"elementor-icon elementor-animation-\">\n\t\t\t\t<i aria-hidden=\"true\" class=\"far fa-eye\"><\/i>\t\t\t\t<\/span>\n\t\t\t<\/div>\n\t\t\t\n\t\t\t\t\t\t<div class=\"elementor-icon-box-content\">\n\n\t\t\t\t\t\t\t\t\t<h3 class=\"elementor-icon-box-title\">\n\t\t\t\t\t\t<span  >\n\t\t\t\t\t\t\tVISI\u00d3N\t\t\t\t\t\t<\/span>\n\t\t\t\t\t<\/h3>\n\t\t\t\t\n\t\t\t\t\t\t\t\t\t<p class=\"elementor-icon-box-description\">\n\t\t\t\t\t\tConvertirse en una de las empresas m\u00e1s importantes de Colombia en el sector de las Telecomunicaciones, participando en el mercado como empresa colombiana con la m\u00e1s avanzada tecnolog\u00eda, brindando la posibilidad de unificar a las familias colombianas a trav\u00e9s de un excelente y eficaz servicio\t\t\t\t\t<\/p>\n\t\t\t\t\n\t\t\t<\/div>\n\t\t\t\n\t\t<\/div>\n\t\t\t\t<\/div>\n\t\t\t\t<\/div>\n\t\t\t\t<\/div>\n\t\t\t\t\t<\/div>\n\t\t\t\t<\/div>\n\t\t<div class=\"elementor-element elementor-element-d4217e0 e-con-full e-flex e-con e-parent\" data-id=\"d4217e0\" data-element_type=\"container\" data-settings=\"{&quot;background_background&quot;:&quot;gradient&quot;,&quot;_ha_eqh_enable&quot;:false}\">\n\t\t<div class=\"elementor-element elementor-element-86d4936 e-con-full e-flex elementor-invisible e-con e-child\" data-id=\"86d4936\" data-element_type=\"container\" data-settings=\"{&quot;animation&quot;:&quot;zoomInDown&quot;,&quot;background_background&quot;:&quot;gradient&quot;,&quot;_ha_eqh_enable&quot;:false}\">\n\t\t\t\t<div class=\"elementor-element elementor-element-ceaa694 elementor-widget elementor-widget-heading\" data-id=\"ceaa694\" data-element_type=\"widget\" data-widget_type=\"heading.default\">\n\t\t\t\t<div class=\"elementor-widget-container\">\n\t\t\t<h2 class=\"elementor-heading-title elementor-size-default\">SUCURSALES<\/h2>\t\t<\/div>\n\t\t\t\t<\/div>\n\t\t\t\t<div class=\"elementor-element elementor-element-9dc3359 uael-ins-normal elementor-widget elementor-widget-uael-image-gallery\" data-id=\"9dc3359\" data-element_type=\"widget\" data-settings=\"{&quot;slides_to_show&quot;:1,&quot;slides_to_scroll&quot;:0,&quot;slides_to_show_tablet&quot;:3,&quot;slides_to_show_mobile&quot;:2,&quot;slides_to_scroll_tablet&quot;:1,&quot;slides_to_scroll_mobile&quot;:1,&quot;column_gap&quot;:{&quot;unit&quot;:&quot;px&quot;,&quot;size&quot;:20,&quot;sizes&quot;:[]},&quot;column_gap_tablet&quot;:{&quot;unit&quot;:&quot;px&quot;,&quot;size&quot;:&quot;&quot;,&quot;sizes&quot;:[]},&quot;column_gap_mobile&quot;:{&quot;unit&quot;:&quot;px&quot;,&quot;size&quot;:&quot;&quot;,&quot;sizes&quot;:[]}}\" data-widget_type=\"uael-image-gallery.default\">\n\t\t\t\t<div class=\"elementor-widget-container\">\n\t\t\t<div class=\"uael-gallery-parent uael-caption- uael-gallery-unjustified\"><div data-image_carousel=\"{&quot;slidesToShow&quot;:1,&quot;slidesToScroll&quot;:1,&quot;autoplaySpeed&quot;:5000,&quot;autoplay&quot;:true,&quot;infinite&quot;:true,&quot;pauseOnHover&quot;:true,&quot;speed&quot;:500,&quot;arrows&quot;:false,&quot;dots&quot;:false,&quot;rtl&quot;:false,&quot;responsive&quot;:[{&quot;breakpoint&quot;:1024,&quot;settings&quot;:{&quot;slidesToShow&quot;:3,&quot;slidesToScroll&quot;:1}},{&quot;breakpoint&quot;:767,&quot;settings&quot;:{&quot;slidesToShow&quot;:2,&quot;slidesToScroll&quot;:1}}]}\" class=\"uael-img-gallery-wrap uael-img-carousel-wrap uael-nav-none\" data-filter-default=\"All\"><div class=\"uael-grid-item  uael-img-gallery-item-1\"><div class=\"uael-grid-item-content\"><figure class=\"uael-grid-img uael-grid-gallery-img uael-ins-hover elementor-clickable\"><div class=\"uael-grid-img-thumbnail uael-ins-target\"><img fetchpriority=\"high\" decoding=\"async\" width=\"637\" height=\"475\" src=\"https:\/\/clickhd.net\/satelital\/wp-content\/uploads\/2024\/11\/Sucursal_Tame.jpg\" class=\"attachment-full size-full wp-image-13178\" alt=\"\" srcset=\"https:\/\/clickhd.net\/satelital\/wp-content\/uploads\/2024\/11\/Sucursal_Tame.jpg 637w, https:\/\/clickhd.net\/satelital\/wp-content\/uploads\/2024\/11\/Sucursal_Tame-300x224.jpg 300w\" sizes=\"(max-width: 637px) 100vw, 637px\" \/><\/div><div class=\"uael-grid-img-overlay\"><\/div><\/figure><\/div><\/div><div class=\"uael-grid-item  uael-img-gallery-item-2\"><div class=\"uael-grid-item-content\"><figure class=\"uael-grid-img uael-grid-gallery-img uael-ins-hover elementor-clickable\"><div class=\"uael-grid-img-thumbnail uael-ins-target\"><img decoding=\"async\" width=\"637\" height=\"475\" src=\"https:\/\/clickhd.net\/satelital\/wp-content\/uploads\/2024\/11\/Sucursal_Fusa.jpg\" class=\"attachment-full size-full wp-image-13181\" alt=\"\" srcset=\"https:\/\/clickhd.net\/satelital\/wp-content\/uploads\/2024\/11\/Sucursal_Fusa.jpg 637w, https:\/\/clickhd.net\/satelital\/wp-content\/uploads\/2024\/11\/Sucursal_Fusa-300x224.jpg 300w\" sizes=\"(max-width: 637px) 100vw, 637px\" \/><\/div><div class=\"uael-grid-img-overlay\"><\/div><\/figure><\/div><\/div><div class=\"uael-grid-item  uael-img-gallery-item-3\"><div class=\"uael-grid-item-content\"><figure class=\"uael-grid-img uael-grid-gallery-img uael-ins-hover elementor-clickable\"><div class=\"uael-grid-img-thumbnail uael-ins-target\"><img decoding=\"async\" width=\"637\" height=\"475\" src=\"https:\/\/clickhd.net\/satelital\/wp-content\/uploads\/2024\/11\/Sucursal_Cali.jpg\" class=\"attachment-full size-full wp-image-13179\" alt=\"\" srcset=\"https:\/\/clickhd.net\/satelital\/wp-content\/uploads\/2024\/11\/Sucursal_Cali.jpg 637w, https:\/\/clickhd.net\/satelital\/wp-content\/uploads\/2024\/11\/Sucursal_Cali-300x224.jpg 300w\" sizes=\"(max-width: 637px) 100vw, 637px\" \/><\/div><div class=\"uael-grid-img-overlay\"><\/div><\/figure><\/div><\/div><div class=\"uael-grid-item  uael-img-gallery-item-4\"><div class=\"uael-grid-item-content\"><figure class=\"uael-grid-img uael-grid-gallery-img uael-ins-hover elementor-clickable\"><div class=\"uael-grid-img-thumbnail uael-ins-target\"><img loading=\"lazy\" decoding=\"async\" width=\"637\" height=\"475\" src=\"https:\/\/clickhd.net\/satelital\/wp-content\/uploads\/2024\/11\/Sucursal_Dagua.jpg\" class=\"attachment-full size-full wp-image-13180\" alt=\"\" srcset=\"https:\/\/clickhd.net\/satelital\/wp-content\/uploads\/2024\/11\/Sucursal_Dagua.jpg 637w, https:\/\/clickhd.net\/satelital\/wp-content\/uploads\/2024\/11\/Sucursal_Dagua-300x224.jpg 300w\" sizes=\"(max-width: 637px) 100vw, 637px\" \/><\/div><div class=\"uael-grid-img-overlay\"><\/div><\/figure><\/div><\/div><\/div><\/div>\t\t<\/div>\n\t\t\t\t<\/div>\n\t\t\t\t<\/div>\n\t\t<div class=\"elementor-element elementor-element-44ba4eb e-con-full e-flex elementor-invisible e-con e-child\" data-id=\"44ba4eb\" data-element_type=\"container\" data-settings=\"{&quot;animation&quot;:&quot;zoomInDown&quot;,&quot;background_background&quot;:&quot;gradient&quot;,&quot;_ha_eqh_enable&quot;:false}\">\n\t\t\t\t<div class=\"elementor-element elementor-element-bde17a2 elementor-widget elementor-widget-heading\" data-id=\"bde17a2\" data-element_type=\"widget\" data-widget_type=\"heading.default\">\n\t\t\t\t<div class=\"elementor-widget-container\">\n\t\t\t<h2 class=\"elementor-heading-title elementor-size-default\">GALER\u00cdA<\/h2>\t\t<\/div>\n\t\t\t\t<\/div>\n\t\t\t\t<div class=\"elementor-element elementor-element-429a293 uael-ins-normal elementor-widget elementor-widget-uael-image-gallery\" data-id=\"429a293\" data-element_type=\"widget\" data-settings=\"{&quot;slides_to_show&quot;:1,&quot;slides_to_scroll&quot;:0,&quot;slides_to_show_tablet&quot;:3,&quot;slides_to_show_mobile&quot;:2,&quot;slides_to_scroll_tablet&quot;:1,&quot;slides_to_scroll_mobile&quot;:1,&quot;column_gap&quot;:{&quot;unit&quot;:&quot;px&quot;,&quot;size&quot;:20,&quot;sizes&quot;:[]},&quot;column_gap_tablet&quot;:{&quot;unit&quot;:&quot;px&quot;,&quot;size&quot;:&quot;&quot;,&quot;sizes&quot;:[]},&quot;column_gap_mobile&quot;:{&quot;unit&quot;:&quot;px&quot;,&quot;size&quot;:&quot;&quot;,&quot;sizes&quot;:[]}}\" data-widget_type=\"uael-image-gallery.default\">\n\t\t\t\t<div class=\"elementor-widget-container\">\n\t\t\t<div class=\"uael-gallery-parent uael-caption- uael-gallery-unjustified\"><div data-image_carousel=\"{&quot;slidesToShow&quot;:1,&quot;slidesToScroll&quot;:1,&quot;autoplaySpeed&quot;:4500,&quot;autoplay&quot;:true,&quot;infinite&quot;:true,&quot;pauseOnHover&quot;:true,&quot;speed&quot;:700,&quot;arrows&quot;:false,&quot;dots&quot;:false,&quot;rtl&quot;:false,&quot;responsive&quot;:[{&quot;breakpoint&quot;:1024,&quot;settings&quot;:{&quot;slidesToShow&quot;:3,&quot;slidesToScroll&quot;:1}},{&quot;breakpoint&quot;:767,&quot;settings&quot;:{&quot;slidesToShow&quot;:2,&quot;slidesToScroll&quot;:1}}]}\" class=\"uael-img-gallery-wrap uael-img-carousel-wrap uael-nav-none\" data-filter-default=\"All\"><div class=\"uael-grid-item  uael-img-gallery-item-1\"><div class=\"uael-grid-item-content\"><figure class=\"uael-grid-img uael-grid-gallery-img uael-ins-hover elementor-clickable\"><div class=\"uael-grid-img-thumbnail uael-ins-target\"><img loading=\"lazy\" decoding=\"async\" width=\"637\" height=\"475\" src=\"https:\/\/clickhd.net\/satelital\/wp-content\/uploads\/2024\/11\/galeria_3.jpg\" class=\"attachment-full size-full wp-image-13202\" alt=\"\" srcset=\"https:\/\/clickhd.net\/satelital\/wp-content\/uploads\/2024\/11\/galeria_3.jpg 637w, https:\/\/clickhd.net\/satelital\/wp-content\/uploads\/2024\/11\/galeria_3-300x224.jpg 300w\" sizes=\"(max-width: 637px) 100vw, 637px\" \/><\/div><div class=\"uael-grid-img-overlay\"><\/div><\/figure><\/div><\/div><div class=\"uael-grid-item  uael-img-gallery-item-2\"><div class=\"uael-grid-item-content\"><figure class=\"uael-grid-img uael-grid-gallery-img uael-ins-hover elementor-clickable\"><div class=\"uael-grid-img-thumbnail uael-ins-target\"><img loading=\"lazy\" decoding=\"async\" width=\"637\" height=\"475\" src=\"https:\/\/clickhd.net\/satelital\/wp-content\/uploads\/2024\/11\/galeria_6.jpg\" class=\"attachment-full size-full wp-image-13197\" alt=\"\" srcset=\"https:\/\/clickhd.net\/satelital\/wp-content\/uploads\/2024\/11\/galeria_6.jpg 637w, https:\/\/clickhd.net\/satelital\/wp-content\/uploads\/2024\/11\/galeria_6-300x224.jpg 300w\" sizes=\"(max-width: 637px) 100vw, 637px\" \/><\/div><div class=\"uael-grid-img-overlay\"><\/div><\/figure><\/div><\/div><div class=\"uael-grid-item  uael-img-gallery-item-3\"><div class=\"uael-grid-item-content\"><figure class=\"uael-grid-img uael-grid-gallery-img uael-ins-hover elementor-clickable\"><div class=\"uael-grid-img-thumbnail uael-ins-target\"><img loading=\"lazy\" decoding=\"async\" width=\"637\" height=\"475\" src=\"https:\/\/clickhd.net\/satelital\/wp-content\/uploads\/2024\/11\/galeria_1.jpg\" class=\"attachment-full size-full wp-image-13200\" alt=\"\" srcset=\"https:\/\/clickhd.net\/satelital\/wp-content\/uploads\/2024\/11\/galeria_1.jpg 637w, https:\/\/clickhd.net\/satelital\/wp-content\/uploads\/2024\/11\/galeria_1-300x224.jpg 300w\" sizes=\"(max-width: 637px) 100vw, 637px\" \/><\/div><div class=\"uael-grid-img-overlay\"><\/div><\/figure><\/div><\/div><div class=\"uael-grid-item  uael-img-gallery-item-4\"><div class=\"uael-grid-item-content\"><figure class=\"uael-grid-img uael-grid-gallery-img uael-ins-hover elementor-clickable\"><div class=\"uael-grid-img-thumbnail uael-ins-target\"><img loading=\"lazy\" decoding=\"async\" width=\"637\" height=\"475\" src=\"https:\/\/clickhd.net\/satelital\/wp-content\/uploads\/2024\/11\/galeria_8.jpg\" class=\"attachment-full size-full wp-image-13199\" alt=\"\" srcset=\"https:\/\/clickhd.net\/satelital\/wp-content\/uploads\/2024\/11\/galeria_8.jpg 637w, https:\/\/clickhd.net\/satelital\/wp-content\/uploads\/2024\/11\/galeria_8-300x224.jpg 300w\" sizes=\"(max-width: 637px) 100vw, 637px\" \/><\/div><div class=\"uael-grid-img-overlay\"><\/div><\/figure><\/div><\/div><div class=\"uael-grid-item  uael-img-gallery-item-5\"><div class=\"uael-grid-item-content\"><figure class=\"uael-grid-img uael-grid-gallery-img uael-ins-hover elementor-clickable\"><div class=\"uael-grid-img-thumbnail uael-ins-target\"><img loading=\"lazy\" decoding=\"async\" width=\"637\" height=\"475\" src=\"https:\/\/clickhd.net\/satelital\/wp-content\/uploads\/2024\/11\/galeria_7.jpg\" class=\"attachment-full size-full wp-image-13198\" alt=\"\" srcset=\"https:\/\/clickhd.net\/satelital\/wp-content\/uploads\/2024\/11\/galeria_7.jpg 637w, https:\/\/clickhd.net\/satelital\/wp-content\/uploads\/2024\/11\/galeria_7-300x224.jpg 300w\" sizes=\"(max-width: 637px) 100vw, 637px\" \/><\/div><div class=\"uael-grid-img-overlay\"><\/div><\/figure><\/div><\/div><div class=\"uael-grid-item  uael-img-gallery-item-6\"><div class=\"uael-grid-item-content\"><figure class=\"uael-grid-img uael-grid-gallery-img uael-ins-hover elementor-clickable\"><div class=\"uael-grid-img-thumbnail uael-ins-target\"><img loading=\"lazy\" decoding=\"async\" width=\"637\" height=\"475\" src=\"https:\/\/clickhd.net\/satelital\/wp-content\/uploads\/2024\/11\/galeria_4.jpg\" class=\"attachment-full size-full wp-image-13195\" alt=\"\" srcset=\"https:\/\/clickhd.net\/satelital\/wp-content\/uploads\/2024\/11\/galeria_4.jpg 637w, https:\/\/clickhd.net\/satelital\/wp-content\/uploads\/2024\/11\/galeria_4-300x224.jpg 300w\" sizes=\"(max-width: 637px) 100vw, 637px\" \/><\/div><div class=\"uael-grid-img-overlay\"><\/div><\/figure><\/div><\/div><div class=\"uael-grid-item  uael-img-gallery-item-7\"><div class=\"uael-grid-item-content\"><figure class=\"uael-grid-img uael-grid-gallery-img uael-ins-hover elementor-clickable\"><div class=\"uael-grid-img-thumbnail uael-ins-target\"><img loading=\"lazy\" decoding=\"async\" width=\"637\" height=\"475\" src=\"https:\/\/clickhd.net\/satelital\/wp-content\/uploads\/2024\/11\/galeria_5.jpg\" class=\"attachment-full size-full wp-image-13196\" alt=\"\" srcset=\"https:\/\/clickhd.net\/satelital\/wp-content\/uploads\/2024\/11\/galeria_5.jpg 637w, https:\/\/clickhd.net\/satelital\/wp-content\/uploads\/2024\/11\/galeria_5-300x224.jpg 300w\" sizes=\"(max-width: 637px) 100vw, 637px\" \/><\/div><div class=\"uael-grid-img-overlay\"><\/div><\/figure><\/div><\/div><div class=\"uael-grid-item  uael-img-gallery-item-8\"><div class=\"uael-grid-item-content\"><figure class=\"uael-grid-img uael-grid-gallery-img uael-ins-hover elementor-clickable\"><div class=\"uael-grid-img-thumbnail uael-ins-target\"><img loading=\"lazy\" decoding=\"async\" width=\"637\" height=\"475\" src=\"https:\/\/clickhd.net\/satelital\/wp-content\/uploads\/2024\/11\/galeria_2.jpg\" class=\"attachment-full size-full wp-image-13201\" alt=\"\" srcset=\"https:\/\/clickhd.net\/satelital\/wp-content\/uploads\/2024\/11\/galeria_2.jpg 637w, https:\/\/clickhd.net\/satelital\/wp-content\/uploads\/2024\/11\/galeria_2-300x224.jpg 300w\" sizes=\"(max-width: 637px) 100vw, 637px\" \/><\/div><div class=\"uael-grid-img-overlay\"><\/div><\/figure><\/div><\/div><\/div><\/div>\t\t<\/div>\n\t\t\t\t<\/div>\n\t\t\t\t<\/div>\n\t\t\t\t<\/div>\n\t\t\t\t<\/div>\n\t\t","protected":false},"excerpt":{"rendered":"<p>Nuestra Compa\u00f1\u00eda CLICKHD S.A.S. Quienes Somos? Somos una empresa 100% Colombiana, Que cree en la innovaci\u00f3n diaria ofreciendo una experiencia en servicios de Internet a toda la familia, a la que se accede f\u00e1cilmente por su gran Cobertura y Precio. Fecha de expedici\u00f3n: 2018-05-30Certificado de Registro de TICReferencia: TIC-150.1_13418Registro de TIC N\u00b0: 96004045 Servicios: Internet [&hellip;]<\/p>\n","protected":false},"author":1,"featured_media":0,"parent":0,"menu_order":0,"comment_status":"closed","ping_status":"closed","template":"elementor_header_footer","meta":{"_joinchat":[],"footnotes":""},"folder":[],"class_list":["post-12","page","type-page","status-publish","hentry"],"_links":{"self":[{"href":"https:\/\/clickhd.net\/satelital\/wp-json\/wp\/v2\/pages\/12","targetHints":{"allow":["GET"]}}],"collection":[{"href":"https:\/\/clickhd.net\/satelital\/wp-json\/wp\/v2\/pages"}],"about":[{"href":"https:\/\/clickhd.net\/satelital\/wp-json\/wp\/v2\/types\/page"}],"author":[{"embeddable":true,"href":"https:\/\/clickhd.net\/satelital\/wp-json\/wp\/v2\/users\/1"}],"replies":[{"embeddable":true,"href":"https:\/\/clickhd.net\/satelital\/wp-json\/wp\/v2\/comments?post=12"}],"version-history":[{"count":0,"href":"https:\/\/clickhd.net\/satelital\/wp-json\/wp\/v2\/pages\/12\/revisions"}],"wp:attachment":[{"href":"https:\/\/clickhd.net\/satelital\/wp-json\/wp\/v2\/media?parent=12"}],"wp:term":[{"taxonomy":"folder","embeddable":true,"href":"https:\/\/clickhd.net\/satelital\/wp-json\/wp\/v2\/folder?post=12"}],"curies":[{"name":"wp","href":"https:\/\/api.w.org\/{rel}","templated":true}]}}